

 {"id":7114,"date":"2022-12-27T08:02:31","date_gmt":"2022-12-27T00:02:31","guid":{"rendered":"https:\/\/www.shingesun.com\/to-be-a-dealer\/"},"modified":"2023-03-25T10:43:20","modified_gmt":"2023-03-25T02:43:20","slug":"to-be-a-dealer","status":"publish","type":"page","link":"https:\/\/www.shingesun.com\/de\/to-be-a-dealer\/","title":{"rendered":"H\u00e4ndler zu sein"},"content":{"rendered":"\t\t<div data-elementor-type=\"wp-page\" data-elementor-id=\"7114\" class=\"elementor elementor-7114 elementor-4279\">\n\t\t\t\t\t\t\t\t\t<section class=\"elementor-section elementor-top-section elementor-element elementor-element-f6c5664 elementor-section-boxed elementor-section-height-default elementor-section-height-default\" data-id=\"f6c5664\" data-element_type=\"section\">\n\t\t\t\t\t\t<div class=\"elementor-container elementor-column-gap-default\">\n\t\t\t\t\t<div class=\"elementor-column elementor-col-100 elementor-top-column elementor-element elementor-element-48e2714\" data-id=\"48e2714\" data-element_type=\"column\">\n\t\t\t<div class=\"elementor-widget-wrap elementor-element-populated\">\n\t\t\t\t\t\t\t\t<div class=\"elementor-element elementor-element-a046313 elementor-widget elementor-widget-heading\" data-id=\"a046313\" data-element_type=\"widget\" data-widget_type=\"heading.default\">\n\t\t\t\t<div class=\"elementor-widget-container\">\n\t\t\t<style>\/*! elementor - v3.11.5 - 14-03-2023 *\/\n.elementor-heading-title{padding:0;margin:0;line-height:1}.elementor-widget-heading .elementor-heading-title[class*=elementor-size-]>a{color:inherit;font-size:inherit;line-height:inherit}.elementor-widget-heading .elementor-heading-title.elementor-size-small{font-size:15px}.elementor-widget-heading .elementor-heading-title.elementor-size-medium{font-size:19px}.elementor-widget-heading .elementor-heading-title.elementor-size-large{font-size:29px}.elementor-widget-heading .elementor-heading-title.elementor-size-xl{font-size:39px}.elementor-widget-heading .elementor-heading-title.elementor-size-xxl{font-size:59px}<\/style><h2 class=\"elementor-heading-title elementor-size-default\">H\u00e4ndler zu sein<\/h2>\t\t<\/div>\n\t\t\t\t<\/div>\n\t\t\t\t<div class=\"elementor-element elementor-element-f20749e fluent-form-widget-step-header-yes fluent-form-widget-step-progressbar-yes fluentform-widget-submit-button-custom elementor-widget elementor-widget-fluent-form-widget\" data-id=\"f20749e\" data-element_type=\"widget\" data-widget_type=\"fluent-form-widget.default\">\n\t\t\t\t<div class=\"elementor-widget-container\">\n\t\t\t\n            <div class=\"fluentform-widget-wrapper fluentform-widget-align-default\">\n\n            \n            <div class='fluentform ff-default fluentform_wrapper_8 ffs_default_wrap'><form data-form_id=\"8\" id=\"fluentform_8\" class=\"frm-fluent-form fluent_form_8 ff-el-form-top ff_form_instance_8_1 ff-form-loading ffs_default\" data-form_instance=\"ff_form_instance_8_1\" method=\"POST\" ><fieldset  style=\"border: none!important;margin: 0!important;padding: 0!important;background-color: transparent!important;box-shadow: none!important;outline: none!important; min-inline-size: 100%;\">\n                    <legend class=\"ff_screen_reader_title\" style=\"display: block; margin: 0!important;padding: 0!important;height: 0!important;text-indent: -999999px;width: 0!important;overflow:hidden;\">To be a dealer (German)<\/legend><input type='hidden' name='__fluent_form_embded_post_id' value='7114' \/><input type=\"hidden\" id=\"_fluentform_8_fluentformnonce\" name=\"_fluentform_8_fluentformnonce\" value=\"af73cbb9c8\" \/><input type=\"hidden\" name=\"_wp_http_referer\" value=\"\/de\/wp-json\/wp\/v2\/pages\/7114\" \/><div data-name=\"ff_cn_id_1\"  class='ff-t-container ff-column-container ff_columns_total_2  '><div class='ff-t-cell ff-t-column-1' style='flex-basis: 50%;'><div class='ff-el-group'><div class=\"ff-el-input--label ff-el-is-required asterisk-right\"><label for='ff_8_input_text_1' aria-label=\"Derzeitige Industrie\">Derzeitige Industrie<\/label><\/div><div class='ff-el-input--content'><input type=\"text\" name=\"input_text_1\" class=\"ff-el-form-control\" data-name=\"input_text_1\" id=\"ff_8_input_text_1\"  aria-invalid=\"false\" aria-required=true><\/div><\/div><\/div><div class='ff-t-cell ff-t-column-2' style='flex-basis: 50%;'><div class='ff-el-group'><div class=\"ff-el-input--label ff-el-is-required asterisk-right\"><label for='ff_8_dropdown_1' aria-label=\"Besitzen Sie ein Einzelhandelsgesch\u00e4ft?\">Besitzen Sie ein Einzelhandelsgesch\u00e4ft?<\/label><\/div><div class='ff-el-input--content'><select name=\"dropdown_1\" id=\"ff_8_dropdown_1\" class=\"ff-el-form-control\" data-name=\"dropdown_1\" data-calc_value=\"0\"  aria-invalid=\"false\" aria-required=true><option value=\"\">- W\u00e4hlen -<\/option><option value=\"Ja\"  >Ja<\/option><option value=\"Nein\"  >Nein<\/option><\/select><\/div><\/div><\/div><\/div><div data-name=\"ff_cn_id_2\"  class='ff-t-container ff-column-container ff_columns_total_2  '><div class='ff-t-cell ff-t-column-1' style='flex-basis: 50%;'><div class='ff-el-group'><div class=\"ff-el-input--label ff-el-is-required asterisk-right\"><label for='ff_8_dropdown' aria-label=\"Lieblingsmodell\">Lieblingsmodell<\/label><\/div><div class='ff-el-input--content'><select name=\"dropdown\" id=\"ff_8_dropdown\" class=\"ff-el-form-control\" data-name=\"dropdown\" data-calc_value=\"0\"  aria-invalid=\"false\" aria-required=true><option value=\"\">- W\u00e4hlen -<\/option><option value=\"Mountainbike\"  >Mountainbike<\/option><option value=\"Trekkingrad\"  >Trekkingrad<\/option><option value=\"Faltrad\"  >Faltrad<\/option><option value=\"Gravelbike\"  >Gravelbike<\/option><option value=\"Lastenrad\"  >Lastenrad<\/option><option value=\"Fettes Fahrrad\"  >Fettes Fahrrad<\/option><option value=\"Bremsteile\"  >Bremsteile<\/option><option value=\"Zubeh\u00f6r\"  >Zubeh\u00f6r<\/option><\/select><\/div><\/div><\/div><div class='ff-t-cell ff-t-column-2' style='flex-basis: 50%;'><div class='ff-el-group'><div class=\"ff-el-input--label asterisk-right\"><label for='ff_8_numeric-field' aria-label=\"Verkaufsvolumen\">Verkaufsvolumen<\/label><\/div><div class='ff-el-input--content'><input type=\"number\" name=\"numeric-field\" id=\"ff_8_numeric-field\" class=\"ff-el-form-control\" data-name=\"numeric-field\" inputmode=\"numeric\" step=\"any\" min=\"1\" aria-valuemin=\"1\"  aria-invalid=\"false\" aria-required=false><\/div><\/div><\/div><\/div><div data-name=\"ff_cn_id_3\"  class='ff-t-container ff-column-container ff_columns_total_3  '><div class='ff-t-cell ff-t-column-1' style='flex-basis: 33.33%;'><div class='ff-el-group'><div class=\"ff-el-input--label asterisk-right\"><label for='ff_8_phone' aria-label=\"Telefon\">Telefon<\/label><\/div><div class='ff-el-input--content'><input name=\"phone\" class=\"ff-el-form-control ff-el-phone\" type=\"tel\" data-name=\"phone\" id=\"ff_8_phone\" inputmode=\"tel\"  aria-invalid='false' aria-required=false><\/div><\/div><\/div><div class='ff-t-cell ff-t-column-2' style='flex-basis: 33.33%;'><div class='ff-el-group'><div class=\"ff-el-input--label asterisk-right\"><label for='ff_8_input_text' aria-label=\"WhatsApp\">WhatsApp<\/label><\/div><div class='ff-el-input--content'><input type=\"text\" name=\"input_text\" class=\"ff-el-form-control\" data-name=\"input_text\" id=\"ff_8_input_text\"  aria-invalid=\"false\" aria-required=false><\/div><\/div><\/div><div class='ff-t-cell ff-t-column-3' style='flex-basis: 33.33%;'><div class='ff-el-group'><div class=\"ff-el-input--label ff-el-is-required asterisk-right\"><label for='ff_8_email' aria-label=\"Email\">Email<\/label><\/div><div class='ff-el-input--content'><input type=\"email\" name=\"email\" id=\"ff_8_email\" class=\"ff-el-form-control\" data-name=\"email\"  aria-invalid=\"false\" aria-required=true><\/div><\/div><\/div><\/div><div class=\"ff-name-address-wrapper fluent-address\" data-type=\"address-element\" data-name=\"address_1\" ><div class='ff-el-input--content'><div class='ff-t-container'><div class='ff-t-cell'><div class='ff-el-group'><div class=\"ff-el-input--label ff-el-is-required asterisk-right\"><label for='ff_8_address_1_address_line_1_' aria-label=\"Adresse\">Adresse<\/label><\/div><div class='ff-el-input--content'><input type=\"text\" name=\"address_1[address_line_1]\" id=\"ff_8_address_1_address_line_1_\" class=\"ff-el-form-control\" data-key_name=\"address_line_1\"  aria-invalid=\"false\" aria-required=true><\/div><\/div><\/div><div class='ff-t-cell'><div class='ff-el-group'><div class=\"ff-el-input--label ff-el-is-required asterisk-right\"><label for='ff_8_address_1_city_' aria-label=\"Stadt\">Stadt<\/label><\/div><div class='ff-el-input--content'><input type=\"text\" name=\"address_1[city]\" id=\"ff_8_address_1_city_\" class=\"ff-el-form-control\" data-key_name=\"city\"  aria-invalid=\"false\" aria-required=true><\/div><\/div><\/div><\/div><div class='ff-t-container'><div class='ff-t-cell'><div class='ff-el-group'><div class=\"ff-el-input--label ff-el-is-required asterisk-right\"><label for='ff_8_address_1_zip_' aria-label=\"PLZ\">PLZ<\/label><\/div><div class='ff-el-input--content'><input type=\"text\" name=\"address_1[zip]\" id=\"ff_8_address_1_zip_\" class=\"ff-el-form-control\" data-key_name=\"zip\"  aria-invalid=\"false\" aria-required=true><\/div><\/div><\/div><div class='ff-t-cell'><div class='ff-el-group'><div class=\"ff-el-input--label ff-el-is-required asterisk-right\"><label for='ff_8_address_1_country_' aria-label=\"Land\">Land<\/label><\/div><div class='ff-el-input--content'><select name=\"address_1[country]\" id=\"ff_8_address_1_country_\" class=\"ff-el-form-control\" placeholder=\"- Land ausw\u00e4hlen -\" data-key_name=\"country\" aria-invalid='false' aria-required=true><option value=''>- Land ausw\u00e4hlen -<\/option><option value='AF' >Afghanistan<\/option><option value='AL' >Albanien<\/option><option value='DZ' >Algerien<\/option><option value='AS' >Amerikanisch-Samoa<\/option><option value='VI' >Amerikanische Jungferninseln<\/option><option value='AD' >Andorra<\/option><option value='AO' >Angola<\/option><option value='AI' >Anguilla<\/option><option value='AQ' >Antarktika<\/option><option value='AG' >Antigua und Barbuda<\/option><option value='AR' >Argentinien<\/option><option value='AM' >Armenien<\/option><option value='AW' >Aruba<\/option><option value='AZ' >Aserbaidschan<\/option><option value='AU' >Australien<\/option><option value='BS' >Bahamas<\/option><option value='BH' >Bahrain<\/option><option value='BD' >Bangladesch<\/option><option value='BB' >Barbados<\/option><option value='PW' >Belau<\/option><option value='BE' >Belgien<\/option><option value='BZ' >Belize<\/option><option value='BJ' >Benin<\/option><option value='BM' >Bermuda<\/option><option value='BT' >Bhutan<\/option><option value='BO' >Bolivien<\/option><option value='BQ' >Bonaire, Saint Eustatius and Saba<\/option><option value='BA' >Bosnien und Herzegowina<\/option><option value='BW' >Botswana<\/option><option value='BV' >Bouvetinsel<\/option><option value='BR' >Brasilien<\/option><option value='VG' >Britische Jungferninseln<\/option><option value='IO' >Britisches Territorium im Indischen Ozean<\/option><option value='BN' >Brunei<\/option><option value='BG' >Bulgarien<\/option><option value='BF' >Burkina Faso<\/option><option value='BI' >Burundi<\/option><option value='CL' >Chile<\/option><option value='CN' >China<\/option><option value='CK' >Cookinseln<\/option><option value='CR' >Costa Rica<\/option><option value='CW' >Cura&Ccedil;ao<\/option><option value='CD' >Democratic Republic of the Congo (Kinshasa)<\/option><option value='DE' >Deutschland<\/option><option value='DM' >Dominica<\/option><option value='DO' >Dominikanische Republik<\/option><option value='DJ' >Dschibuti<\/option><option value='DK' >D\u00e4nemark<\/option><option value='EC' >Ecuador<\/option><option value='SV' >El Salvador<\/option><option value='CI' >Elfenbeink\u00fcste<\/option><option value='ER' >Eritrea<\/option><option value='EE' >Estland<\/option><option value='SZ' >Eswatini<\/option><option value='FK' >Falklandinseln<\/option><option value='FJ' >Fidschi<\/option><option value='FI' >Finnland<\/option><option value='FR' >Frankreich<\/option><option value='GF' >Franz\u00f6sisch-Guayana<\/option><option value='PF' >Franz\u00f6sisch-Polynesien<\/option><option value='TF' >Franz\u00f6sische S\u00fcd- und Antarktisgebiete<\/option><option value='FO' >F\u00e4r\u00f6er<\/option><option value='GA' >Gabun<\/option><option value='GM' >Gambia<\/option><option value='GE' >Georgien<\/option><option value='GH' >Ghana<\/option><option value='GI' >Gibraltar<\/option><option value='GD' >Grenada<\/option><option value='GR' >Griechenland<\/option><option value='GL' >Gr\u00f6nland<\/option><option value='GP' >Guadeloupe<\/option><option value='GU' >Guam<\/option><option value='GT' >Guatemala<\/option><option value='GG' >Guernsey<\/option><option value='GN' >Guinea<\/option><option value='GW' >Guinea-Bissau<\/option><option value='GY' >Guyana<\/option><option value='HT' >Haiti<\/option><option value='HM' >Heard und McDonaldinseln<\/option><option value='HN' >Honduras<\/option><option value='HK' >Hongkong<\/option><option value='IN' >Indien<\/option><option value='ID' >Indonesien<\/option><option value='IQ' >Irak<\/option><option value='IR' >Iran<\/option><option value='IE' >Irland<\/option><option value='IS' >Island<\/option><option value='IM' >Isle of Man<\/option><option value='IL' >Israel<\/option><option value='IT' >Italien<\/option><option value='JM' >Jamaika<\/option><option value='JP' >Japan<\/option><option value='YE' >Jemen<\/option><option value='JE' >Jersey<\/option><option value='JO' >Jordanien<\/option><option value='KY' >Kaimaninseln<\/option><option value='KH' >Kambodscha<\/option><option value='CM' >Kamerun<\/option><option value='CA' >Kanada<\/option><option value='CV' >Kap Verde<\/option><option value='KZ' >Kasachstan<\/option><option value='QA' >Katar<\/option><option value='KE' >Kenia<\/option><option value='KG' >Kirgisistan<\/option><option value='KI' >Kiribati<\/option><option value='CC' >Kokosinseln<\/option><option value='CO' >Kolumbien<\/option><option value='KM' >Komoren<\/option><option value='XK' >Kosovo<\/option><option value='HR' >Kroatien<\/option><option value='CU' >Kuba<\/option><option value='KW' >Kuwait<\/option><option value='LA' >Laos<\/option><option value='LS' >Lesotho<\/option><option value='LV' >Lettland<\/option><option value='LB' >Libanon<\/option><option value='LR' >Liberia<\/option><option value='LY' >Libyen<\/option><option value='LI' >Liechtenstein<\/option><option value='LT' >Litauen<\/option><option value='LU' >Luxemburg<\/option><option value='MO' >Macao, China<\/option><option value='MG' >Madagaskar<\/option><option value='MW' >Malawi<\/option><option value='MY' >Malaysia<\/option><option value='MV' >Malediven<\/option><option value='ML' >Mali<\/option><option value='MT' >Malta<\/option><option value='MA' >Marokko<\/option><option value='MH' >Marshallinseln<\/option><option value='MQ' >Martinique<\/option><option value='MR' >Mauretanien<\/option><option value='MU' >Mauritius<\/option><option value='YT' >Mayotte<\/option><option value='MX' >Mexiko<\/option><option value='FM' >Mikronesien<\/option><option value='MD' >Moldawien<\/option><option value='MC' >Monaco<\/option><option value='MN' >Mongolei<\/option><option value='ME' >Montenegro<\/option><option value='MS' >Montserrat<\/option><option value='MZ' >Mosambik<\/option><option value='MM' >Myanmar<\/option><option value='NA' >Namibia<\/option><option value='NR' >Nauru<\/option><option value='NP' >Nepal<\/option><option value='NC' >Neukaledonien<\/option><option value='NZ' >Neuseeland<\/option><option value='NI' >Nicaragua<\/option><option value='NL' >Niederlande<\/option><option value='NE' >Niger<\/option><option value='NG' >Nigeria<\/option><option value='NU' >Niue<\/option><option value='KP' >Nordkorea<\/option><option value='MK' >Nordmazedonien<\/option><option value='NF' >Norfolkinsel<\/option><option value='NO' >Norwegen<\/option><option value='MP' >N\u00f6rdliche Marianen<\/option><option value='OM' >Oman<\/option><option value='TL' >Osttimor<\/option><option value='PK' >Pakistan<\/option><option value='PS' >Pal\u00e4stinensische Autonomiegebiete<\/option><option value='PA' >Panama<\/option><option value='PG' >Papua-Neuguinea<\/option><option value='PY' >Paraguay<\/option><option value='PE' >Peru<\/option><option value='PH' >Philippinen<\/option><option value='PN' >Pitcairninseln<\/option><option value='PL' >Polen<\/option><option value='PT' >Portugal<\/option><option value='PR' >Puerto Rico<\/option><option value='CG' >Republic of the Congo (Brazzaville)<\/option><option value='RW' >Ruanda<\/option><option value='RO' >Rum\u00e4nien<\/option><option value='RU' >Russland<\/option><option value='RE' >R\u00e9union<\/option><option value='BL' >Saint Barth&eacute;lemy<\/option><option value='PM' >Saint-Pierre und Miquelon<\/option><option value='SB' >Salomonen<\/option><option value='ZM' >Sambia<\/option><option value='WS' >Samoa<\/option><option value='SM' >San Marino<\/option><option value='ST' >Sao Tome and Principe<\/option><option value='SA' >Saudi-Arabien<\/option><option value='SE' >Schweden<\/option><option value='CH' >Schweiz<\/option><option value='SN' >Senegal<\/option><option value='RS' >Serbien<\/option><option value='SC' >Seychellen<\/option><option value='SL' >Sierra Leone<\/option><option value='ZW' >Simbabwe<\/option><option value='SG' >Singapur<\/option><option value='SK' >Slowakei<\/option><option value='SI' >Slowenien<\/option><option value='SO' >Somalia<\/option><option value='ES' >Spanien<\/option><option value='LK' >Sri Lanka<\/option><option value='SH' >St. Helena<\/option><option value='KN' >St. Kitts und Nevis<\/option><option value='LC' >St. Lucia<\/option><option value='MF' >St. Martin (Frankreich)<\/option><option value='SX' >St. Martin (Niederlande)<\/option><option value='VC' >St. Vincent und die Grenadinen<\/option><option value='SD' >Sudan<\/option><option value='SR' >Surinam<\/option><option value='SJ' >Svalbard und Jan Mayen<\/option><option value='SY' >Syrien<\/option><option value='ZA' >S\u00fcdafrika<\/option><option value='GS' >S\u00fcdgeorgien\/Sandwichinseln<\/option><option value='KR' >S\u00fcdkorea<\/option><option value='SS' >S\u00fcdsudan<\/option><option value='TJ' >Tadschikistan<\/option><option value='TW' >Taiwan<\/option><option value='TZ' >Tansania<\/option><option value='TH' >Thailand<\/option><option value='TG' >Togo<\/option><option value='TK' >Tokelau<\/option><option value='TO' >Tonga<\/option><option value='TT' >Trinidad und Tobago<\/option><option value='TD' >Tschad<\/option><option value='CZ' >Tschechien<\/option><option value='TN' >Tunesien<\/option><option value='TM' >Turkmenistan<\/option><option value='TC' >Turks- und Caicosinseln<\/option><option value='TV' >Tuvalu<\/option><option value='TR' >T\u00fcrkei<\/option><option value='UG' >Uganda<\/option><option value='UA' >Ukraine<\/option><option value='HU' >Ungarn<\/option><option value='UM' >United States (US) Minor Outlying Islands<\/option><option value='UY' >Uruguay<\/option><option value='UZ' >Usbekistan<\/option><option value='VU' >Vanuatu<\/option><option value='VA' >Vatikanstadt<\/option><option value='VE' >Venezuela<\/option><option value='AE' >Vereinigte Arabische Emirate<\/option><option value='US' >Vereinigte Staaten von Amerika (USA)<\/option><option value='GB' >Vereinigtes K\u00f6nigreich<\/option><option value='VN' >Vietnam<\/option><option value='WF' >Wallis und Futuna<\/option><option value='CX' >Weihnachtsinsel<\/option><option value='BY' >Wei\u00dfrussland<\/option><option value='EH' >Westsahara<\/option><option value='CF' >Zentralafrikanische Republik<\/option><option value='CY' >Zypern<\/option><option value='EG' >\u00c4gypten<\/option><option value='GQ' >\u00c4quatorialguinea<\/option><option value='ET' >\u00c4thiopien<\/option><option value='AX' >\u00c5landinseln<\/option><option value='AT' >\u00d6sterreich<\/option><\/select><\/div><\/div><\/div><\/div><\/div><\/div><div class='ff-el-group ff-text-center ff_submit_btn_wrapper'><button type=\"submit\" class=\"ff-btn ff-btn-submit ff-btn-lg ff_btn_style\" >Formular absenden<\/button><\/div><\/fieldset><\/form><div id='fluentform_8_errors' class='ff-errors-in-stack ff_form_instance_8_1 ff-form-loading_errors ff_form_instance_8_1_errors'><\/div><\/div>        <script type=\"text\/javascript\">\n            window.fluent_form_ff_form_instance_8_1 = {\"id\":\"8\",\"settings\":{\"layout\":{\"labelPlacement\":\"top\",\"helpMessagePlacement\":\"with_label\",\"errorMessagePlacement\":\"inline\",\"cssClassName\":\"\",\"asteriskPlacement\":\"asterisk-right\"},\"restrictions\":{\"denyEmptySubmission\":{\"enabled\":false}}},\"form_instance\":\"ff_form_instance_8_1\",\"form_id_selector\":\"fluentform_8\",\"rules\":{\"input_text_1\":{\"required\":{\"value\":true,\"message\":\"Dieses Feld ist erforderlich\"}},\"dropdown_1\":{\"required\":{\"value\":true,\"message\":\"Dieses Feld ist erforderlich\"}},\"dropdown\":{\"required\":{\"value\":true,\"message\":\"Dieses Feld ist erforderlich\"}},\"numeric-field\":{\"required\":{\"value\":false,\"message\":\"This field is required\"},\"numeric\":{\"value\":true,\"message\":\"This field must contain numeric value\"},\"min\":{\"value\":\"1\",\"message\":\"Der Mindestwert ist 1\"},\"max\":{\"value\":\"\",\"message\":\"Maximum value is \"},\"digits\":{\"value\":\"\",\"message\":\"The number of digits has to be \"}},\"phone\":{\"required\":{\"value\":false,\"message\":\"This field is required\"},\"valid_phone_number\":{\"value\":false,\"message\":\"Phone number is not valid\"}},\"input_text\":{\"required\":{\"value\":false,\"message\":\"This field is required\"}},\"email\":{\"required\":{\"value\":true,\"message\":\"Dieses Feld ist erforderlich\"},\"email\":{\"value\":true,\"message\":\"This field must contain a valid email\"}},\"address_1[address_line_1]\":{\"required\":{\"value\":true,\"message\":\"Dieses Feld ist erforderlich\"}},\"address_1[address_line_2]\":{\"required\":{\"value\":false,\"message\":\"This field is required\"}},\"address_1[city]\":{\"required\":{\"value\":true,\"message\":\"Dieses Feld ist erforderlich\"}},\"address_1[state]\":{\"required\":{\"value\":false,\"message\":\"This field is required\"}},\"address_1[zip]\":{\"required\":{\"value\":true,\"message\":\"Dieses Feld ist erforderlich\"}},\"address_1[country]\":{\"required\":{\"value\":true,\"message\":\"Dieses Feld ist erforderlich\"}}}};\n                    <\/script>\n                    <\/div>\n\n            \t\t<\/div>\n\t\t\t\t<\/div>\n\t\t\t\t\t<\/div>\n\t\t<\/div>\n\t\t\t\t\t\t\t<\/div>\n\t\t<\/section>\n\t\t\t\t\t\t\t<\/div>\n\t\t","protected":false},"excerpt":{"rendered":"<p>H\u00e4ndler zu sein To be a dealer (German) Derzeitige Industrie Besitzen Sie ein Einzelhandelsgesch\u00e4ft? &#8211; W\u00e4hlen &#8211;JaNeinLieblingsmodell &#8211; W\u00e4hlen &#8211;MountainbikeTrekkingradFaltradGravelbikeLastenradFettes FahrradBremsteileZubeh\u00f6rVerkaufsvolumen Telefon WhatsApp Email Adresse Stadt PLZ Land Land ausw\u00e4hlenAfghanistanAlbanienAlgerienAmerikanisch-SamoaAmerikanische JungferninselnAndorraAngolaAnguillaAntarktikaAntigua und BarbudaArgentinienArmenienArubaAserbaidschanAustralienBahamasBahrainBangladeschBarbadosBelauBelgienBelizeBeninBermudaBhutanBolivienBonaire, Saint Eustatius and SabaBosnien und HerzegowinaBotswanaBouvetinselBrasilienBritische JungferninselnBritisches Territorium im Indischen OzeanBruneiBulgarienBurkina FasoBurundiChileChinaCookinselnCosta RicaCura&Ccedil;aoDeutschlandDominicaDominikanische RepublikDschibutiD\u00e4nemarkEcuadorEl SalvadorElfenbeink\u00fcsteEritreaEstlandFalklandinselnFidschiFinnlandFrankreichFranz\u00f6sisch-GuayanaFranz\u00f6sisch-PolynesienFranz\u00f6sische S\u00fcd- und AntarktisgebieteF\u00e4r\u00f6erGabunGambiaGeorgienGhanaGibraltarGrenadaGriechenlandGr\u00f6nlandGuadeloupeGuamGuatemalaGuernseyGuineaGuinea-BissauGuyanaHaitiHeard und McDonaldinselnHondurasHong KongIndienIndonesienIrakIranIrlandIslandIsle of [&hellip;]<\/p>\n","protected":false},"author":1,"featured_media":0,"parent":0,"menu_order":0,"comment_status":"closed","ping_status":"closed","template":"","meta":{"_seopress_robots_primary_cat":"","inline_featured_image":false,"footnotes":""},"class_list":["post-7114","page","type-page","status-publish","hentry"],"_links":{"self":[{"href":"https:\/\/www.shingesun.com\/de\/wp-json\/wp\/v2\/pages\/7114","targetHints":{"allow":["GET"]}}],"collection":[{"href":"https:\/\/www.shingesun.com\/de\/wp-json\/wp\/v2\/pages"}],"about":[{"href":"https:\/\/www.shingesun.com\/de\/wp-json\/wp\/v2\/types\/page"}],"author":[{"embeddable":true,"href":"https:\/\/www.shingesun.com\/de\/wp-json\/wp\/v2\/users\/1"}],"replies":[{"embeddable":true,"href":"https:\/\/www.shingesun.com\/de\/wp-json\/wp\/v2\/comments?post=7114"}],"version-history":[{"count":13,"href":"https:\/\/www.shingesun.com\/de\/wp-json\/wp\/v2\/pages\/7114\/revisions"}],"predecessor-version":[{"id":7592,"href":"https:\/\/www.shingesun.com\/de\/wp-json\/wp\/v2\/pages\/7114\/revisions\/7592"}],"wp:attachment":[{"href":"https:\/\/www.shingesun.com\/de\/wp-json\/wp\/v2\/media?parent=7114"}],"curies":[{"name":"wp","href":"https:\/\/api.w.org\/{rel}","templated":true}]}}