{"id":7381,"date":"2022-12-29T01:12:40","date_gmt":"2022-12-28T17:12:40","guid":{"rendered":"https:\/\/www.shingesun.com\/product\/mountain-bike-m1\/"},"modified":"2023-03-27T16:59:58","modified_gmt":"2023-03-27T08:59:58","slug":"mountain-bike-m1","status":"publish","type":"product","link":"https:\/\/www.shingesun.com\/es\/producto\/mountain-bike-m1\/","title":{"rendered":"Mountain Bike M1"},"content":{"rendered":"<table width=\"738\">\n<tbody>\n<tr>\n<td width=\"272\">\n                  <strong>Informaci\u00f3n general<\/strong>\n                <\/td>\n<td width=\"466\"><\/td>\n<\/tr>\n<tr>\n<td>TIPO DE BICICLETA:<\/td>\n<td>bicicleta de monta\u00f1a<\/td>\n<\/tr>\n<tr>\n<td>VELOCIDADES:<\/td>\n<td>1 x 8 spd<\/td>\n<\/tr>\n<tr>\n<td>PESO:<\/td>\n<td>30.5 kg (67 lb)<\/td>\n<\/tr>\n<tr>\n<td>TAMA\u00d1OS DEL MARCO:<\/td>\n<td>4 sizes<\/td>\n<\/tr>\n<tr>\n<td>DISTANCIA: TIJA DE SILL\u00cdN A MANILLAR:<\/td>\n<td>Ver geometr\u00eda<\/td>\n<\/tr>\n<tr>\n<td>DISTANCIA: SILL\u00cdN A PEDAL:<\/td>\n<td>Ver geometr\u00eda<\/td>\n<\/tr>\n<tr>\n<td>ALTURA DEL CONDUCTOR SUGERIDA:<\/td>\n<td>155 &#8211; 195 cm (61 &#8211; 76,8 pulgadas)<\/td>\n<\/tr>\n<tr>\n<td>PESO BRUTO M\u00c1XIMO DEL VEH\u00cdCULO:<\/td>\n<td>150 kg (330.7 lb)<\/td>\n<\/tr>\n<tr>\n<td>PESO M\u00c1XIMO DEL PILOTO:<\/td>\n<td>120 kg (264.6 lb)<\/td>\n<\/tr>\n<tr>\n<td>\n                  <strong>MARCO<\/strong>\n                <\/td>\n<td><\/td>\n<\/tr>\n<tr>\n<td>MARCO:<\/td>\n<td>Aleaci\u00f3n de aluminio 6061, color y logotipo personalizados<\/td>\n<\/tr>\n<tr>\n<td>TENEDOR:<\/td>\n<td>Horquilla delantera con suspensi\u00f3n, logotipo personalizado<\/td>\n<\/tr>\n<tr>\n<td>\n                  <strong>CABINA<\/strong>\n                <\/td>\n<td><\/td>\n<\/tr>\n<tr>\n<td>PROVENIR:<\/td>\n<td>Extensi\u00f3n Promax de 70 mm, v\u00e1stago forjado en 3D, 6061-Al<\/td>\n<\/tr>\n<tr>\n<td>AURICULARES:<\/td>\n<td>Neco, rodamientos de cartucho<\/td>\n<\/tr>\n<tr>\n<td>MANILLAR:<\/td>\n<td>Promax, 780 mm de ancho, 6061-Al<\/td>\n<\/tr>\n<tr>\n<td>PU\u00d1OS\/CINTA DE MANILLAR:<\/td>\n<td>Justek, bloqueo<\/td>\n<\/tr>\n<tr>\n<td>SILL\u00cdN:<\/td>\n<td>velo de cuero<\/td>\n<\/tr>\n<tr>\n<td>TIJA DE SILL\u00cdN:<\/td>\n<td>Promax \u03a630.9x350mm<\/td>\n<\/tr>\n<tr>\n<td>ABRAZADERA DE TIJA DE SILL\u00cdN:<\/td>\n<td>Collar QR Promax<\/td>\n<\/tr>\n<tr>\n<td>\n                  <strong>FRENOS<\/strong>\n                <\/td>\n<td><\/td>\n<\/tr>\n<tr>\n<td>FRENO FRONTAL:<\/td>\n<td>TUERCA, disco hidraulico<\/td>\n<\/tr>\n<tr>\n<td>FRENO TRASERO:<\/td>\n<td>TUERCA, disco hidraulico<\/td>\n<\/tr>\n<tr>\n<td>LAS PALANCAS DE FRENO:<\/td>\n<td>TUERCA, disco hidraulico, con sensor de corte<\/td>\n<\/tr>\n<tr>\n<td>CABLE DE FRENO Y CARCASA:<\/td>\n<td>TUERCA, disco hidraulico<\/td>\n<\/tr>\n<tr>\n<td>\n                  <strong>RUEDAS<\/strong>\n                <\/td>\n<td><\/td>\n<\/tr>\n<tr>\n<td>BUJE DELANTERO:<\/td>\n<td>cubo de disco<\/td>\n<\/tr>\n<tr>\n<td>BUJE TRASERO:<\/td>\n<td>Motor de cubo de cassette y disco trasero<\/td>\n<\/tr>\n<tr>\n<td>RADIOS Y BOQUILLAS:<\/td>\n<td>Acero inoxidable<\/td>\n<\/tr>\n<tr>\n<td>LLANTAS:<\/td>\n<td>MD, 73-573, para bicicleta el\u00e9ctrica<\/td>\n<\/tr>\n<tr>\n<td>LLANTAS:<\/td>\n<td>Chaoyang 26&#8243;\u00d74.0<\/td>\n<\/tr>\n<tr>\n<td>\n                  <strong>TRANSMISI\u00d3N<\/strong>\n                <\/td>\n<td><\/td>\n<\/tr>\n<tr>\n<td>CAMBIADORES):<\/td>\n<td>Shimano 1 x 8 velocidades, trigger<\/td>\n<\/tr>\n<tr>\n<td>CAMBIO TRASERO:<\/td>\n<td>Shimano Acera 8 velocidades<\/td>\n<\/tr>\n<tr>\n<td>PLATOS Y BIELAS:<\/td>\n<td>Prowheel, 36 dientes, biela 6061-AL forjada<\/td>\n<\/tr>\n<tr>\n<td>CASSETTE\/RUEDA LIBRE:<\/td>\n<td>Shimano 11-32T, 8 velocidades<\/td>\n<\/tr>\n<tr>\n<td>PEDALIER:<\/td>\n<td>Torque sensor integrated<\/td>\n<\/tr>\n<tr>\n<td>CHAIN:<\/td>\n<td>KMC for eBike, 8 spd<\/td>\n<\/tr>\n<tr>\n<td>PEDALS:<\/td>\n<td>NECO with non-slip surface<\/td>\n<\/tr>\n<tr>\n<td>SHIFTER CABLE &amp; HOUSING:<\/td>\n<td>SP<\/td>\n<\/tr>\n<tr>\n<td>\n                  <strong>E-SYSTEM<\/strong>\n                <\/td>\n<td><\/td>\n<\/tr>\n<tr>\n<td>MOTOR:<\/td>\n<td>TrunkRUN 48V 500W rear hub motor, max speed 32kmph<\/td>\n<\/tr>\n<tr>\n<td>BATTERY:<\/td>\n<td>Reention Rhino 48V\/12.8AH, 615WH<\/td>\n<\/tr>\n<tr>\n<td>DISPLAY:<\/td>\n<td>LCD display<\/td>\n<\/tr>\n<tr>\n<td>THROTTLE:<\/td>\n<td>Thumb type<\/td>\n<\/tr>\n<tr>\n<td>SENSOR:<\/td>\n<td>LANGDESEN cadence and torque sensor with max. 80N.m<\/td>\n<\/tr>\n<tr>\n<td>RANGE:<\/td>\n<td>&gt;35 km by throttle, &gt;50 km by PAS<\/td>\n<\/tr>\n<tr>\n<td>CHARGER:<\/td>\n<td>Compact Charger, 100-240V, DC54.6V\/2A<\/td>\n<\/tr>\n<tr>\n<td>\n                  <strong>BELLS &amp; WHISTLES<\/strong>\n                <\/td>\n<td><\/td>\n<\/tr>\n<tr>\n<td>CAMPANA:<\/td>\n<td>aluminio<\/td>\n<\/tr>\n<tr>\n<td>GUARDACADENA:<\/td>\n<td>N\/A<\/td>\n<\/tr>\n<tr>\n<td>SOPORTE:<\/td>\n<td>aluminio, refuerzo lateral<\/td>\n<\/tr>\n<tr>\n<td>TOMA DE EQUIPAJE:<\/td>\n<td>N\/A<\/td>\n<\/tr>\n<tr>\n<td>LUZ DELANTERA:<\/td>\n<td>Spanninga, 60 lumens<\/td>\n<\/tr>\n<tr>\n<td>LUZ TRASERA:<\/td>\n<td>N\/A<\/td>\n<\/tr>\n<tr>\n<td>DEFENSAS:<\/td>\n<td>N\/A<\/td>\n<\/tr>\n<tr>\n<td>BASTIDOR(ES):<\/td>\n<td>N\/A<\/td>\n<\/tr>\n<\/tbody>\n<\/table>\n","protected":false},"excerpt":{"rendered":"<p>Informaci\u00f3n general TIPO DE BICICLETA: bicicleta de monta\u00f1a VELOCIDADES: 1 x 8 spd PESO: 30.5 kg (67 lb) TAMA\u00d1OS DEL MARCO: 4 sizes DISTANCIA: TIJA DE SILL\u00cdN A MANILLAR: Ver geometr\u00eda DISTANCIA: SILL\u00cdN A PEDAL: Ver geometr\u00eda ALTURA DEL CONDUCTOR SUGERIDA: 155 &#8211; 195 cm (61 &#8211; 76,8 pulgadas) PESO BRUTO M\u00c1XIMO DEL VEH\u00cdCULO: 150 [&hellip;]<\/p>\n","protected":false},"featured_media":5134,"comment_status":"open","ping_status":"closed","template":"","meta":{"_seopress_robots_primary_cat":"none","inline_featured_image":false},"product_cat":[201],"product_tag":[302,437,438],"class_list":{"0":"post-7381","1":"product","2":"type-product","3":"status-publish","4":"has-post-thumbnail","6":"product_cat-mountain-bike","7":"product_tag-mountain-bike","8":"product_tag-e-bikes-es","9":"product_tag-electric-bikes-es","10":"product_brand-shingesun","12":"first","13":"instock","14":"featured","15":"shipping-taxable","16":"product-type-simple"},"_links":{"self":[{"href":"https:\/\/www.shingesun.com\/es\/wp-json\/wp\/v2\/product\/7381","targetHints":{"allow":["GET"]}}],"collection":[{"href":"https:\/\/www.shingesun.com\/es\/wp-json\/wp\/v2\/product"}],"about":[{"href":"https:\/\/www.shingesun.com\/es\/wp-json\/wp\/v2\/types\/product"}],"replies":[{"embeddable":true,"href":"https:\/\/www.shingesun.com\/es\/wp-json\/wp\/v2\/comments?post=7381"}],"version-history":[{"count":1,"href":"https:\/\/www.shingesun.com\/es\/wp-json\/wp\/v2\/product\/7381\/revisions"}],"predecessor-version":[{"id":7685,"href":"https:\/\/www.shingesun.com\/es\/wp-json\/wp\/v2\/product\/7381\/revisions\/7685"}],"wp:featuredmedia":[{"embeddable":true,"href":"https:\/\/www.shingesun.com\/es\/wp-json\/wp\/v2\/media\/5134"}],"wp:attachment":[{"href":"https:\/\/www.shingesun.com\/es\/wp-json\/wp\/v2\/media?parent=7381"}],"wp:term":[{"taxonomy":"product_cat","embeddable":true,"href":"https:\/\/www.shingesun.com\/es\/wp-json\/wp\/v2\/product_cat?post=7381"},{"taxonomy":"product_tag","embeddable":true,"href":"https:\/\/www.shingesun.com\/es\/wp-json\/wp\/v2\/product_tag?post=7381"}],"curies":[{"name":"wp","href":"https:\/\/api.w.org\/{rel}","templated":true}]}}